{"id":19,"date":"2024-11-16T18:51:23","date_gmt":"2024-11-16T18:51:23","guid":{"rendered":"https:\/\/sfd-bj.com\/?page_id=19"},"modified":"2024-11-24T19:36:45","modified_gmt":"2024-11-24T19:36:45","slug":"forces","status":"publish","type":"page","link":"https:\/\/sfd-bj.com\/zh\/forces\/","title":{"rendered":"Forces"},"content":{"rendered":"<div data-elementor-type=\"wp-page\" data-elementor-id=\"19\" class=\"elementor elementor-19\" data-elementor-post-type=\"page\">\n\t\t\t\t<div class=\"elementor-element elementor-element-7c02ac4 e-con-full e-flex wpr-particle-no wpr-jarallax-no wpr-parallax-no wpr-sticky-section-no e-con e-parent\" data-id=\"7c02ac4\" data-element_type=\"container\" data-settings=\"{&quot;background_background&quot;:&quot;classic&quot;}\">\n\t\t<div class=\"elementor-element elementor-element-2000049 e-flex e-con-boxed wpr-particle-no wpr-jarallax-no wpr-parallax-no wpr-sticky-section-no e-con e-child\" data-id=\"2000049\" data-element_type=\"container\">\n\t\t\t\t\t<div class=\"e-con-inner\">\n\t\t\t\t<div class=\"elementor-element elementor-element-0bf960a elementor-widget elementor-widget-heading\" data-id=\"0bf960a\" data-element_type=\"widget\" data-widget_type=\"heading.default\">\n\t\t\t\t<div class=\"elementor-widget-container\">\n\t\t\t\t\t<h2 class=\"elementor-heading-title elementor-size-default\">Notre force<\/h2>\t\t\t\t<\/div>\n\t\t\t\t<\/div>\n\t\t\t\t\t<\/div>\n\t\t\t\t<\/div>\n\t\t\t\t<div class=\"elementor-element elementor-element-d7623ff elementor-widget elementor-widget-text-editor\" data-id=\"d7623ff\" data-element_type=\"widget\" data-widget_type=\"text-editor.default\">\n\t\t\t\t<div class=\"elementor-widget-container\">\n\t\t\t\t\t\t\t\t\t\u00abVotre vision, notre mission \u00bb \t\t\t\t\t\t\t\t<\/div>\n\t\t\t\t<\/div>\n\t\t\t\t<div class=\"elementor-element elementor-element-4043953 elementor-widget__width-initial elementor-widget elementor-widget-text-editor\" data-id=\"4043953\" data-element_type=\"widget\" data-widget_type=\"text-editor.default\">\n\t\t\t\t<div class=\"elementor-widget-container\">\n\t\t\t\t\t\t\t\t\tLe succ\u00e8s et la croissance de SFD sont indissociables de l&rsquo;engagement et du talent de nos collaborateurs.\t\t\t\t\t\t\t\t<\/div>\n\t\t\t\t<\/div>\n\t\t<div class=\"elementor-element elementor-element-7c2e69d e-flex e-con-boxed wpr-particle-no wpr-jarallax-no wpr-parallax-no wpr-sticky-section-no e-con e-child\" data-id=\"7c2e69d\" data-element_type=\"container\">\n\t\t\t\t\t<div class=\"e-con-inner\">\n\t\t\t\t<div class=\"elementor-element elementor-element-481632e elementor-widget elementor-widget-button\" data-id=\"481632e\" data-element_type=\"widget\" data-widget_type=\"button.default\">\n\t\t\t\t<div class=\"elementor-widget-container\">\n\t\t\t\t\t\t\t\t\t<div class=\"elementor-button-wrapper\">\n\t\t\t\t\t<a class=\"elementor-button elementor-button-link elementor-size-sm elementor-animation-grow\" href=\"https:\/\/calendly.com\/contact-sfd-bj\" target=\"_blank\">\n\t\t\t\t\t\t<span class=\"elementor-button-content-wrapper\">\n\t\t\t\t\t\t\t\t\t<span class=\"elementor-button-text\">Prendre un rendez-vous<\/span>\n\t\t\t\t\t<\/span>\n\t\t\t\t\t<\/a>\n\t\t\t\t<\/div>\n\t\t\t\t\t\t\t\t<\/div>\n\t\t\t\t<\/div>\n\t\t\t\t\t<\/div>\n\t\t\t\t<\/div>\n\t\t\t\t<\/div>\n\t\t<div class=\"elementor-element elementor-element-b92369c e-con-full e-flex wpr-particle-no wpr-jarallax-no wpr-parallax-no wpr-sticky-section-no e-con e-parent\" data-id=\"b92369c\" data-element_type=\"container\">\n\t\t<div class=\"elementor-element elementor-element-bbe81b1 e-con-full e-flex wpr-particle-no wpr-jarallax-no wpr-parallax-no wpr-sticky-section-no e-con e-child\" data-id=\"bbe81b1\" data-element_type=\"container\">\n\t\t\t\t<div class=\"elementor-element elementor-element-a8b8e15 elementor-widget elementor-widget-heading\" data-id=\"a8b8e15\" data-element_type=\"widget\" data-widget_type=\"heading.default\">\n\t\t\t\t<div class=\"elementor-widget-container\">\n\t\t\t\t\t<h2 class=\"elementor-heading-title elementor-size-default\">le capital humain<\/h2>\t\t\t\t<\/div>\n\t\t\t\t<\/div>\n\t\t\t\t<div class=\"elementor-element elementor-element-1e6a101 elementor-widget__width-initial elementor-widget elementor-widget-text-editor\" data-id=\"1e6a101\" data-element_type=\"widget\" data-widget_type=\"text-editor.default\">\n\t\t\t\t<div class=\"elementor-widget-container\">\n\t\t\t\t\t\t\t\t\t<p>En moins de cinq ans, le nombre de travailleurs au sein de notre entreprise a tripl\u00e9, atteignant aujourd&rsquo;hui <strong>1 800<\/strong><br \/><strong>employ\u00e9s<\/strong>. Cette expansion rapide t\u00e9moigne non seulement de notre d\u00e9veloppement soutenu, mais aussi de notre volont\u00e9 d&rsquo;investir dans le capital humain, v\u00e9ritable moteur de notre performance.<br \/><br \/>Cette croissance significative de notre effectif nous a permis de renforcer notre pr\u00e9sence sur le terrain,<br \/>d&rsquo;am\u00e9liorer notre capacit\u00e9 d&rsquo;innovation et d&rsquo;assurer une qualit\u00e9 de service irr\u00e9prochable.<\/p>\t\t\t\t\t\t\t\t<\/div>\n\t\t\t\t<\/div>\n\t\t\t\t<\/div>\n\t\t<div class=\"elementor-element elementor-element-254fd12 e-con-full e-flex wpr-particle-no wpr-jarallax-no wpr-parallax-no wpr-sticky-section-no e-con e-child\" data-id=\"254fd12\" data-element_type=\"container\">\n\t\t\t\t<div class=\"elementor-element elementor-element-cec597e elementor-widget elementor-widget-video\" data-id=\"cec597e\" data-element_type=\"widget\" data-settings=\"{&quot;video_type&quot;:&quot;hosted&quot;,&quot;controls&quot;:&quot;yes&quot;}\" data-widget_type=\"video.default\">\n\t\t\t\t<div class=\"elementor-widget-container\">\n\t\t\t\t\t\t\t<div class=\"e-hosted-video elementor-wrapper elementor-open-inline\">\n\t\t\t\t\t<video class=\"elementor-video\" src=\"http:\/\/sfd-bj.com\/wp-content\/uploads\/2024\/11\/SFD-ZLD-.mov\" controls=\"\" preload=\"metadata\" controlslist=\"nodownload\"><\/video>\n\t\t\t\t<\/div>\n\t\t\t\t\t\t<\/div>\n\t\t\t\t<\/div>\n\t\t\t\t<\/div>\n\t\t\t\t<\/div>\n\t\t<div class=\"elementor-element elementor-element-28adff7 e-con-full e-flex wpr-particle-no wpr-jarallax-no wpr-parallax-no wpr-sticky-section-no e-con e-parent\" data-id=\"28adff7\" data-element_type=\"container\" data-settings=\"{&quot;background_background&quot;:&quot;classic&quot;}\">\n\t\t\t\t<div class=\"elementor-element elementor-element-f986dc7 elementor-view-default elementor-widget elementor-widget-icon\" data-id=\"f986dc7\" data-element_type=\"widget\" data-widget_type=\"icon.default\">\n\t\t\t\t<div class=\"elementor-widget-container\">\n\t\t\t\t\t\t\t<div class=\"elementor-icon-wrapper\">\n\t\t\t<div class=\"elementor-icon\">\n\t\t\t<svg aria-hidden=\"true\" class=\"e-font-icon-svg e-far-handshake\" viewbox=\"0 0 640 512\" xmlns=\"http:\/\/www.w3.org\/2000\/svg\"><path d=\"M519.2 127.9l-47.6-47.6A56.252 56.252 0 0 0 432 64H205.2c-14.8 0-29.1 5.9-39.6 16.3L118 127.9H0v255.7h64c17.6 0 31.8-14.2 31.9-31.7h9.1l84.6 76.4c30.9 25.1 73.8 25.7 105.6 3.8 12.5 10.8 26 15.9 41.1 15.9 18.2 0 35.3-7.4 48.8-24 22.1 8.7 48.2 2.6 64-16.8l26.2-32.3c5.6-6.9 9.1-14.8 10.9-23h57.9c.1 17.5 14.4 31.7 31.9 31.7h64V127.9H519.2zM48 351.6c-8.8 0-16-7.2-16-16s7.2-16 16-16 16 7.2 16 16c0 8.9-7.2 16-16 16zm390-6.9l-26.1 32.2c-2.8 3.4-7.8 4-11.3 1.2l-23.9-19.4-30 36.5c-6 7.3-15 4.8-18 2.4l-36.8-31.5-15.6 19.2c-13.9 17.1-39.2 19.7-55.3 6.6l-97.3-88H96V175.8h41.9l61.7-61.6c2-.8 3.7-1.5 5.7-2.3H262l-38.7 35.5c-29.4 26.9-31.1 72.3-4.4 101.3 14.8 16.2 61.2 41.2 101.5 4.4l8.2-7.5 108.2 87.8c3.4 2.8 3.9 7.9 1.2 11.3zm106-40.8h-69.2c-2.3-2.8-4.9-5.4-7.7-7.7l-102.7-83.4 12.5-11.4c6.5-6 7-16.1 1-22.6L367 167.1c-6-6.5-16.1-6.9-22.6-1l-55.2 50.6c-9.5 8.7-25.7 9.4-34.6 0-9.3-9.9-8.5-25.1 1.2-33.9l65.6-60.1c7.4-6.8 17-10.5 27-10.5l83.7-.2c2.1 0 4.1.8 5.5 2.3l61.7 61.6H544v128zm48 47.7c-8.8 0-16-7.2-16-16s7.2-16 16-16 16 7.2 16 16c0 8.9-7.2 16-16 16z\"><\/path><\/svg>\t\t\t<\/div>\n\t\t<\/div>\n\t\t\t\t\t\t<\/div>\n\t\t\t\t<\/div>\n\t\t\t\t<div class=\"elementor-element elementor-element-7c07e29 elementor-widget elementor-widget-heading\" data-id=\"7c07e29\" data-element_type=\"widget\" data-widget_type=\"heading.default\">\n\t\t\t\t<div class=\"elementor-widget-container\">\n\t\t\t\t\t<h2 class=\"elementor-heading-title elementor-size-default\">nos engagements<\/h2>\t\t\t\t<\/div>\n\t\t\t\t<\/div>\n\t\t\t\t<div class=\"elementor-element elementor-element-7b5dd85 elementor-widget__width-initial elementor-widget elementor-widget-text-editor\" data-id=\"7b5dd85\" data-element_type=\"widget\" data-widget_type=\"text-editor.default\">\n\t\t\t\t<div class=\"elementor-widget-container\">\n\t\t\t\t\t\t\t\t\tNous investissons continuellement dans la recherche et le d\u00e9veloppement, explorant de nouvelles m\u00e9thodes et\ntechnologies qui rendent nos constructions plus intelligentes, plus s\u00fbres et plus durables. Notre objectif est de\nconcevoir des ouvrages qui anticipent les exigences de demain tout en respectant les r\u00e9alit\u00e9s d&rsquo;aujourd&rsquo;hui.\t\t\t\t\t\t\t\t<\/div>\n\t\t\t\t<\/div>\n\t\t<div class=\"elementor-element elementor-element-a6f39e9 e-con-full e-flex wpr-particle-no wpr-jarallax-no wpr-parallax-no wpr-sticky-section-no e-con e-child\" data-id=\"a6f39e9\" data-element_type=\"container\">\n\t\t<div class=\"elementor-element elementor-element-c366052 e-con-full e-flex wpr-particle-no wpr-jarallax-no wpr-parallax-no wpr-sticky-section-no e-con e-child\" data-id=\"c366052\" data-element_type=\"container\">\n\t\t<div class=\"elementor-element elementor-element-fb344ff e-con-full e-flex wpr-particle-no wpr-jarallax-no wpr-parallax-no wpr-sticky-section-no e-con e-child\" data-id=\"fb344ff\" data-element_type=\"container\" data-settings=\"{&quot;background_background&quot;:&quot;classic&quot;}\">\n\t\t\t\t<div class=\"elementor-element elementor-element-50d084d elementor-widget elementor-widget-heading\" data-id=\"50d084d\" data-element_type=\"widget\" data-widget_type=\"heading.default\">\n\t\t\t\t<div class=\"elementor-widget-container\">\n\t\t\t\t\t<h2 class=\"elementor-heading-title elementor-size-default\">Innover avec sens<\/h2>\t\t\t\t<\/div>\n\t\t\t\t<\/div>\n\t\t\t\t<div class=\"elementor-element elementor-element-f5678cb elementor-widget__width-initial elementor-widget elementor-widget-text-editor\" data-id=\"f5678cb\" data-element_type=\"widget\" data-widget_type=\"text-editor.default\">\n\t\t\t\t<div class=\"elementor-widget-container\">\n\t\t\t\t\t\t\t\t\t<p>L&rsquo;innovation est au coeur de notre identit\u00e9, mais elle n&rsquo;a de valeur que si elle est porteuse de sens. Nous nous engageons \u00e0 d\u00e9velopper des solutions qui r\u00e9pondent r\u00e9ellement aux besoins de nos clients et des communaut\u00e9s.<br \/><br \/>Chaque avanc\u00e9e technologique, chaque nouvelle m\u00e9thode adopt\u00e9e est \u00e9valu\u00e9e en fonction de son impact positif sur la soci\u00e9t\u00e9 et l&rsquo;environnement.<\/p>\t\t\t\t\t\t\t\t<\/div>\n\t\t\t\t<\/div>\n\t\t\t\t<\/div>\n\t\t<div class=\"elementor-element elementor-element-44d649c e-con-full e-flex wpr-particle-no wpr-jarallax-no wpr-parallax-no wpr-sticky-section-no e-con e-child\" data-id=\"44d649c\" data-element_type=\"container\" data-settings=\"{&quot;background_background&quot;:&quot;classic&quot;}\">\n\t\t\t\t<div class=\"elementor-element elementor-element-aba9783 elementor-widget elementor-widget-heading\" data-id=\"aba9783\" data-element_type=\"widget\" data-widget_type=\"heading.default\">\n\t\t\t\t<div class=\"elementor-widget-container\">\n\t\t\t\t\t<h2 class=\"elementor-heading-title elementor-size-default\">Respecter et pr\u00e9server l'environnement<\/h2>\t\t\t\t<\/div>\n\t\t\t\t<\/div>\n\t\t\t\t<div class=\"elementor-element elementor-element-4fac874 elementor-widget__width-initial elementor-widget elementor-widget-text-editor\" data-id=\"4fac874\" data-element_type=\"widget\" data-widget_type=\"text-editor.default\">\n\t\t\t\t<div class=\"elementor-widget-container\">\n\t\t\t\t\t\t\t\t\t<p>Conscients de notre responsabilit\u00e9 envers les g\u00e9n\u00e9rations futures, nous pla\u00e7ons le d\u00e9veloppement durable au centre de nos pr\u00e9occupations. Nous nous engageons \u00e0 r\u00e9duire notre empreinte \u00e9cologique en privil\u00e9giant des mat\u00e9riaux \u00e9co-responsables, en optimisant nos processus pour limiter les d\u00e9chets et en int\u00e9grant les principes de l&rsquo;\u00e9conomie circulaire dans nos projets. <br \/><br \/>Notre vision est celle d&rsquo;une construction qui harmonise le progr\u00e8s humain avec le respect de la nature.<\/p>\t\t\t\t\t\t\t\t<\/div>\n\t\t\t\t<\/div>\n\t\t\t\t<\/div>\n\t\t<div class=\"elementor-element elementor-element-e530a00 e-con-full e-flex wpr-particle-no wpr-jarallax-no wpr-parallax-no wpr-sticky-section-no e-con e-child\" data-id=\"e530a00\" data-element_type=\"container\" data-settings=\"{&quot;background_background&quot;:&quot;classic&quot;}\">\n\t\t\t\t<div class=\"elementor-element elementor-element-059d875 elementor-widget elementor-widget-heading\" data-id=\"059d875\" data-element_type=\"widget\" data-widget_type=\"heading.default\">\n\t\t\t\t<div class=\"elementor-widget-container\">\n\t\t\t\t\t<h2 class=\"elementor-heading-title elementor-size-default\">Valoriser le capital humain<\/h2>\t\t\t\t<\/div>\n\t\t\t\t<\/div>\n\t\t\t\t<div class=\"elementor-element elementor-element-62003d0 elementor-widget__width-initial elementor-widget elementor-widget-text-editor\" data-id=\"62003d0\" data-element_type=\"widget\" data-widget_type=\"text-editor.default\">\n\t\t\t\t<div class=\"elementor-widget-container\">\n\t\t\t\t\t\t\t\t\t<p>Nous sommes convaincus que la v\u00e9ritable richesse de SFD r\u00e9side dans les talents et la diversit\u00e9 de nos collaborateurs. Nous cultivons une culture d&rsquo;entreprise o\u00f9 l&rsquo;\u00e9panouissement personnel et professionnel est une priorit\u00e9. En offrant des opportunit\u00e9s de formation continue, des programmes de mentorat et un environnement de travail collaboratif, nous permettons \u00e0 chacun de d\u00e9velopper pleinement son potentiel. <br \/><br \/>Notre succ\u00e8s est le reflet de l&rsquo;engagement, de la passion et de l&rsquo;expertise de nos \u00e9quipes.<\/p>\t\t\t\t\t\t\t\t<\/div>\n\t\t\t\t<\/div>\n\t\t\t\t<\/div>\n\t\t\t\t<\/div>\n\t\t\t\t<\/div>\n\t\t\t\t<\/div>\n\t\t\t\t<\/div>","protected":false},"excerpt":{"rendered":"<p>Notre force \u00abVotre vision, notre mission \u00bb Le succ\u00e8s et la croissance de SFD sont indissociables de l&rsquo;engagement et du talent de nos collaborateurs. Prendre un rendez-vous le capital humain En moins de cinq ans, le nombre de travailleurs au sein de notre entreprise a tripl\u00e9, atteignant aujourd&rsquo;hui 1 800employ\u00e9s. Cette expansion rapide t\u00e9moigne non seulement de notre d\u00e9veloppement soutenu, mais aussi de notre volont\u00e9 d&rsquo;investir dans le capital humain, v\u00e9ritable moteur de notre performance. Cette croissance significative de notre effectif nous a permis de renforcer notre pr\u00e9sence sur le terrain,d&rsquo;am\u00e9liorer notre capacit\u00e9 d&rsquo;innovation et d&rsquo;assurer une qualit\u00e9 de service irr\u00e9prochable. http:\/\/sfd-bj.com\/wp-content\/uploads\/2024\/11\/SFD-ZLD-.mov nos engagements Nous investissons continuellement dans la recherche et le d\u00e9veloppement, explorant de nouvelles m\u00e9thodes et technologies qui rendent nos constructions plus intelligentes, plus s\u00fbres et plus durables. Notre objectif est de concevoir des ouvrages qui anticipent les exigences de demain tout en respectant les r\u00e9alit\u00e9s d&rsquo;aujourd&rsquo;hui. Innover avec sens L&rsquo;innovation est au coeur de notre identit\u00e9, mais elle n&rsquo;a de valeur que si elle est porteuse de sens. Nous nous engageons \u00e0 d\u00e9velopper des solutions qui r\u00e9pondent r\u00e9ellement aux besoins de nos clients et des communaut\u00e9s. Chaque avanc\u00e9e technologique, chaque nouvelle m\u00e9thode adopt\u00e9e est \u00e9valu\u00e9e en fonction de son impact positif sur la soci\u00e9t\u00e9 et l&rsquo;environnement. Respecter et pr\u00e9server l&rsquo;environnement Conscients de notre responsabilit\u00e9 envers les g\u00e9n\u00e9rations futures, nous pla\u00e7ons le d\u00e9veloppement durable au centre de nos pr\u00e9occupations. Nous nous engageons \u00e0 r\u00e9duire notre empreinte \u00e9cologique en privil\u00e9giant des mat\u00e9riaux \u00e9co-responsables, en optimisant nos processus pour limiter les d\u00e9chets et en int\u00e9grant les principes de l&rsquo;\u00e9conomie circulaire dans nos projets. Notre vision est celle d&rsquo;une construction qui harmonise le progr\u00e8s humain avec le respect de la nature. Valoriser le capital humain Nous sommes convaincus que la v\u00e9ritable richesse de SFD r\u00e9side dans les talents et la diversit\u00e9 de nos collaborateurs. Nous cultivons une culture d&rsquo;entreprise o\u00f9 l&rsquo;\u00e9panouissement personnel et professionnel est une priorit\u00e9. En offrant des opportunit\u00e9s de formation continue, des programmes de mentorat et un environnement de travail collaboratif, nous permettons \u00e0 chacun de d\u00e9velopper pleinement son potentiel. Notre succ\u00e8s est le reflet de l&rsquo;engagement, de la passion et de l&rsquo;expertise de nos \u00e9quipes.<\/p>","protected":false},"author":1,"featured_media":0,"parent":0,"menu_order":0,"comment_status":"closed","ping_status":"closed","template":"","meta":{"site-sidebar-layout":"no-sidebar","site-content-layout":"","ast-site-content-layout":"full-width-container","site-content-style":"default","site-sidebar-style":"default","ast-global-header-display":"","ast-banner-title-visibility":"","ast-main-header-display":"","ast-hfb-above-header-display":"","ast-hfb-below-header-display":"","ast-hfb-mobile-header-display":"","site-post-title":"disabled","ast-breadcrumbs-content":"","ast-featured-img":"disabled","footer-sml-layout":"","theme-transparent-header-meta":"","adv-header-id-meta":"","stick-header-meta":"","header-above-stick-meta":"","header-main-stick-meta":"","header-below-stick-meta":"","astra-migrate-meta-layouts":"default","ast-page-background-enabled":"default","ast-page-background-meta":{"desktop":{"background-color":"var(--ast-global-color-4)","background-image":"","background-repeat":"repeat","background-position":"center center","background-size":"auto","background-attachment":"scroll","background-type":"","background-media":"","overlay-type":"","overlay-color":"","overlay-opacity":"","overlay-gradient":""},"tablet":{"background-color":"","background-image":"","background-repeat":"repeat","background-position":"center center","background-size":"auto","background-attachment":"scroll","background-type":"","background-media":"","overlay-type":"","overlay-color":"","overlay-opacity":"","overlay-gradient":""},"mobile":{"background-color":"","background-image":"","background-repeat":"repeat","background-position":"center center","background-size":"auto","background-attachment":"scroll","background-type":"","background-media":"","overlay-type":"","overlay-color":"","overlay-opacity":"","overlay-gradient":""}},"ast-content-background-meta":{"desktop":{"background-color":"var(--ast-global-color-5)","background-image":"","background-repeat":"repeat","background-position":"center center","background-size":"auto","background-attachment":"scroll","background-type":"","background-media":"","overlay-type":"","overlay-color":"","overlay-opacity":"","overlay-gradient":""},"tablet":{"background-color":"var(--ast-global-color-5)","background-image":"","background-repeat":"repeat","background-position":"center center","background-size":"auto","background-attachment":"scroll","background-type":"","background-media":"","overlay-type":"","overlay-color":"","overlay-opacity":"","overlay-gradient":""},"mobile":{"background-color":"var(--ast-global-color-5)","background-image":"","background-repeat":"repeat","background-position":"center center","background-size":"auto","background-attachment":"scroll","background-type":"","background-media":"","overlay-type":"","overlay-color":"","overlay-opacity":"","overlay-gradient":""}},"footnotes":""},"class_list":["post-19","page","type-page","status-publish","hentry"],"acf":[],"_links":{"self":[{"href":"https:\/\/sfd-bj.com\/zh\/wp-json\/wp\/v2\/pages\/19","targetHints":{"allow":["GET"]}}],"collection":[{"href":"https:\/\/sfd-bj.com\/zh\/wp-json\/wp\/v2\/pages"}],"about":[{"href":"https:\/\/sfd-bj.com\/zh\/wp-json\/wp\/v2\/types\/page"}],"author":[{"embeddable":true,"href":"https:\/\/sfd-bj.com\/zh\/wp-json\/wp\/v2\/users\/1"}],"replies":[{"embeddable":true,"href":"https:\/\/sfd-bj.com\/zh\/wp-json\/wp\/v2\/comments?post=19"}],"version-history":[{"count":13,"href":"https:\/\/sfd-bj.com\/zh\/wp-json\/wp\/v2\/pages\/19\/revisions"}],"predecessor-version":[{"id":362,"href":"https:\/\/sfd-bj.com\/zh\/wp-json\/wp\/v2\/pages\/19\/revisions\/362"}],"wp:attachment":[{"href":"https:\/\/sfd-bj.com\/zh\/wp-json\/wp\/v2\/media?parent=19"}],"curies":[{"name":"wp","href":"https:\/\/api.w.org\/{rel}","templated":true}]}}